{"id":2,"date":"2023-10-04T09:24:17","date_gmt":"2023-10-04T09:24:17","guid":{"rendered":"https:\/\/dibamba.blerkdigital.com\/?page_id=2"},"modified":"2025-10-10T09:04:03","modified_gmt":"2025-10-10T09:04:03","slug":"home","status":"publish","type":"page","link":"https:\/\/dibamba.blerkdigital.com\/fr\/","title":{"rendered":"ACCUEIL"},"content":{"rendered":"<div data-elementor-type=\"wp-page\" data-elementor-id=\"2\" class=\"elementor elementor-2\" data-elementor-post-type=\"page\">\n\t\t\t\t<div class=\"elementor-element elementor-element-8f44834 e-flex e-con-boxed e-con e-parent\" data-id=\"8f44834\" data-element_type=\"container\" data-settings=\"{&quot;background_background&quot;:&quot;classic&quot;}\">\n\t\t\t\t\t<div class=\"e-con-inner\">\n\t\t<div class=\"elementor-element elementor-element-54c9cc6 e-con-full e-flex e-con e-child\" data-id=\"54c9cc6\" data-element_type=\"container\">\n\t\t\t\t<div class=\"elementor-element elementor-element-6559bab elementor-widget elementor-widget-heading\" data-id=\"6559bab\" data-element_type=\"widget\" data-widget_type=\"heading.default\">\n\t\t\t\t\t<h1 class=\"elementor-heading-title elementor-size-default\">Bienvenue sur notre site \n<span class=\"hotel6-heading-decorative\">luxe<\/span> h\u00f4tel<\/h1>\t\t\t\t<\/div>\n\t\t\t\t<div class=\"elementor-element elementor-element-285dff1 elementor-widget elementor-widget-heading\" data-id=\"285dff1\" data-element_type=\"widget\" data-widget_type=\"heading.default\">\n\t\t\t\t\t<h6 class=\"elementor-heading-title elementor-size-default\">Parce qu'\u00e0 l'h\u00f4tel La Dibamba, nous ne nous contentons pas de proposer des chambres - nous offrons la tranquillit\u00e9 d'esprit, une nuit reposante \u00e0 la fois.<\/h6>\t\t\t\t<\/div>\n\t\t\t\t<\/div>\n\t\t<div class=\"elementor-element elementor-element-4e7e073 e-con-full e-flex e-con e-child\" data-id=\"4e7e073\" data-element_type=\"container\">\n\t\t\t\t<div class=\"elementor-element elementor-element-c885cac elementor-position-right elementor-vertical-align-middle elementor-widget__width-auto elementor-widget elementor-widget-image-box\" data-id=\"c885cac\" data-element_type=\"widget\" data-widget_type=\"image-box.default\">\n\t\t\t\t\t<div class=\"elementor-image-box-wrapper\"><figure class=\"elementor-image-box-img\"><a href=\"https:\/\/dibamba.blerkdigital.com\/fr\/rooms\/\" tabindex=\"-1\"><img fetchpriority=\"high\" decoding=\"async\" width=\"281\" height=\"281\" src=\"https:\/\/dibamba.blerkdigital.com\/wp-content\/uploads\/2025\/10\/output-onlinetools.svg\" class=\"attachment-full size-full wp-image-678\" alt=\"\" \/><\/a><\/figure><div class=\"elementor-image-box-content\"><h6 class=\"elementor-image-box-title\"><a href=\"https:\/\/dibamba.blerkdigital.com\/fr\/rooms\/\">VOIR TOUTES LES CHAMBRES<\/a><\/h6><\/div><\/div>\t\t\t\t<\/div>\n\t\t\t\t<\/div>\n\t\t\t\t\t<\/div>\n\t\t\t\t<\/div>\n\t\t<div class=\"elementor-element elementor-element-bbf47ec e-con-full e-flex e-con e-parent\" data-id=\"bbf47ec\" data-element_type=\"container\">\n\t\t<div class=\"elementor-element elementor-element-9a1f06b e-con-full e-flex e-con e-child\" data-id=\"9a1f06b\" data-element_type=\"container\">\n\t\t\t\t<div class=\"elementor-element elementor-element-3a5bd51 elementor-widget elementor-widget-image\" data-id=\"3a5bd51\" data-element_type=\"widget\" data-widget_type=\"image.default\">\n\t\t\t\t\t\t\t\t\t\t\t\t\t\t\t<img decoding=\"async\" width=\"854\" height=\"750\" src=\"https:\/\/dibamba.blerkdigital.com\/wp-content\/uploads\/2025\/10\/photo_4_2025-10-09_22-11-57-854x750.jpg\" class=\"attachment-portfolio-list size-portfolio-list wp-image-662\" alt=\"\" \/>\t\t\t\t\t\t\t\t\t\t\t\t\t\t\t<\/div>\n\t\t\t\t<\/div>\n\t\t<div class=\"elementor-element elementor-element-d4288de e-con-full e-flex e-con e-child\" data-id=\"d4288de\" data-element_type=\"container\">\n\t\t\t\t<div class=\"elementor-element elementor-element-ae5731f elementor-widget elementor-widget-heading\" data-id=\"ae5731f\" data-element_type=\"widget\" data-widget_type=\"heading.default\">\n\t\t\t\t\t<h5 class=\"elementor-heading-title elementor-size-default\">Bienvenue \u00e0 l'h\u00f4tel La Dibamba, o\u00f9 le luxe ne se limite pas \u00e0 ce que l'on voit. <\/h5>\t\t\t\t<\/div>\n\t\t\t\t<div class=\"elementor-element elementor-element-62082a4 elementor-widget elementor-widget-text-editor\" data-id=\"62082a4\" data-element_type=\"widget\" data-widget_type=\"text-editor.default\">\n\t\t\t\t\t\t\t\t\t<p>Ici, la sophistication et le confort se rencontrent en parfaite harmonie. Nos chambres magnifiquement am\u00e9nag\u00e9es offrent une \u00e9vasion sereine, tandis que notre \u00e9quipe attentive est toujours pr\u00eate \u00e0 rendre votre s\u00e9jour inoubliable, qu'il s'agisse d'organiser un d\u00eener priv\u00e9 sous les \u00e9toiles ou de vous recommander un joyau local cach\u00e9 pour votre promenade de l'apr\u00e8s-midi.<\/p>\t\t\t\t\t\t\t\t<\/div>\n\t\t\t\t<div class=\"elementor-element elementor-element-57d09a0 elementor-widget elementor-widget-image\" data-id=\"57d09a0\" data-element_type=\"widget\" data-widget_type=\"image.default\">\n\t\t\t\t\t\t\t\t\t\t\t\t\t\t\t<img decoding=\"async\" width=\"144\" height=\"46\" src=\"https:\/\/dibamba.blerkdigital.com\/wp-content\/uploads\/2023\/10\/hotel6-sign1.svg\" class=\"attachment-large size-large wp-image-29\" alt=\"\" \/>\t\t\t\t\t\t\t\t\t\t\t\t\t\t\t<\/div>\n\t\t\t\t<div class=\"elementor-element elementor-element-16b3ff7 elementor-widget elementor-widget-heading\" data-id=\"16b3ff7\" data-element_type=\"widget\" data-widget_type=\"heading.default\">\n\t\t\t\t\t<h6 class=\"elementor-heading-title elementor-size-default\"><a href=\"https:\/\/dibamba.blerkdigital.com\/fr\/rooms\/\">VOIR NOS CHAMBRES<\/a><\/h6>\t\t\t\t<\/div>\n\t\t\t\t<\/div>\n\t\t\t\t<\/div>\n\t\t<div class=\"elementor-element elementor-element-4825f7b e-con-full e-flex e-con e-parent\" data-id=\"4825f7b\" data-element_type=\"container\" data-settings=\"{&quot;background_background&quot;:&quot;classic&quot;}\">\n\t\t<div class=\"elementor-element elementor-element-e1c4321 e-con-full e-flex e-con e-child\" data-id=\"e1c4321\" data-element_type=\"container\">\n\t\t\t\t<div class=\"elementor-element elementor-element-e8fe818 elementor-widget elementor-widget-heading\" data-id=\"e8fe818\" data-element_type=\"widget\" data-widget_type=\"heading.default\">\n\t\t\t\t\t<h2 class=\"elementor-heading-title elementor-size-default\">Nos chambres sont les v\u00f4tres <span class=\"hotel6-heading-decorative\">personnel<\/span> sanctuaire<\/h2>\t\t\t\t<\/div>\n\t\t\t\t<div class=\"elementor-element elementor-element-158f644 elementor-widget elementor-widget-heading\" data-id=\"158f644\" data-element_type=\"widget\" data-widget_type=\"heading.default\">\n\t\t\t\t\t<h6 class=\"elementor-heading-title elementor-size-default\">Profitez des petits luxes qui font une grande diff\u00e9rence : le Wi-Fi \u00e0 haut d\u00e9bit pour rester connect\u00e9, des si\u00e8ges confortables pour les moments de r\u00e9flexion et des balcons qui s'ouvrent sur des vues apaisantes des jardins ou de la ligne d'horizon de la ville. Chaque d\u00e9tail a \u00e9t\u00e9 choisi pour vous aider \u00e0 vous ressourcer, \u00e0 vous d\u00e9tendre et \u00e0 vous sentir vraiment chez vous.<\/h6>\t\t\t\t<\/div>\n\t\t\t\t<div class=\"elementor-element elementor-element-85cfb2c elementor-position-right elementor-vertical-align-middle elementor-widget__width-auto elementor-widget elementor-widget-image-box\" data-id=\"85cfb2c\" data-element_type=\"widget\" data-widget_type=\"image-box.default\">\n\t\t\t\t\t<div class=\"elementor-image-box-wrapper\"><figure class=\"elementor-image-box-img\"><a href=\"https:\/\/dibamba.blerkdigital.com\/fr\/rooms\/\" tabindex=\"-1\"><img fetchpriority=\"high\" decoding=\"async\" width=\"281\" height=\"281\" src=\"https:\/\/dibamba.blerkdigital.com\/wp-content\/uploads\/2025\/10\/output-onlinetools.svg\" class=\"attachment-full size-full wp-image-678\" alt=\"\" \/><\/a><\/figure><div class=\"elementor-image-box-content\"><h6 class=\"elementor-image-box-title\"><a href=\"https:\/\/dibamba.blerkdigital.com\/fr\/rooms\/\">VOIR TOUTES LES CHAMBRES<\/a><\/h6><\/div><\/div>\t\t\t\t<\/div>\n\t\t\t\t<\/div>\n\t\t\t\t<\/div>\n\t\t<div class=\"elementor-element elementor-element-dc23de0 e-con-full e-flex e-con e-parent\" data-id=\"dc23de0\" data-element_type=\"container\">\n\t\t<div class=\"elementor-element elementor-element-2f3706e e-con-full e-flex e-con e-child\" data-id=\"2f3706e\" data-element_type=\"container\">\n\t\t\t\t<div class=\"elementor-element elementor-element-de392a1 elementor-widget elementor-widget-heading\" data-id=\"de392a1\" data-element_type=\"widget\" data-widget_type=\"heading.default\">\n\t\t\t\t\t<h2 class=\"elementor-heading-title elementor-size-default\">Chambres <span class=\"hotel6-heading-decorative\">&amp; Suites<\/span><\/h2>\t\t\t\t<\/div>\n\t\t\t\t<div class=\"elementor-element elementor-element-1167cc5 elementor-position-right elementor-vertical-align-middle elementor-widget__width-auto elementor-widget elementor-widget-image-box\" data-id=\"1167cc5\" data-element_type=\"widget\" data-widget_type=\"image-box.default\">\n\t\t\t\t\t<div class=\"elementor-image-box-wrapper\"><figure class=\"elementor-image-box-img\"><a href=\"https:\/\/dibamba.blerkdigital.com\/fr\/rooms\/\" tabindex=\"-1\"><img loading=\"lazy\" decoding=\"async\" width=\"90\" height=\"90\" src=\"https:\/\/dibamba.blerkdigital.com\/wp-content\/uploads\/2023\/10\/hotel6-arrowicon.svg\" class=\"attachment-full size-full wp-image-171\" alt=\"\" \/><\/a><\/figure><div class=\"elementor-image-box-content\"><h6 class=\"elementor-image-box-title\"><a href=\"https:\/\/dibamba.blerkdigital.com\/fr\/rooms\/\">VOIR TOUTES LES CHAMBRES<\/a><\/h6><\/div><\/div>\t\t\t\t<\/div>\n\t\t\t\t<\/div>\n\t\t<div class=\"elementor-element elementor-element-95af977 e-con-full e-flex e-con e-child\" data-id=\"95af977\" data-element_type=\"container\">\n\t\t<div class=\"elementor-element elementor-element-f556558 e-flex e-con-boxed e-con e-child\" data-id=\"f556558\" data-element_type=\"container\">\n\t\t\t\t\t<div class=\"e-con-inner\">\n\t\t\t\t<div class=\"elementor-element elementor-element-300a89d elementor-widget-divider--view-line elementor-widget elementor-widget-divider\" data-id=\"300a89d\" data-element_type=\"widget\" data-widget_type=\"divider.default\">\n\t\t\t\t\t\t\t<div class=\"elementor-divider\">\n\t\t\t<span class=\"elementor-divider-separator\">\n\t\t\t\t\t\t<\/span>\n\t\t<\/div>\n\t\t\t\t\t\t<\/div>\n\t\t\t\t<div class=\"elementor-element elementor-element-76d1312 elementor-widget elementor-widget-heading\" data-id=\"76d1312\" data-element_type=\"widget\" data-widget_type=\"heading.default\">\n\t\t\t\t\t<h6 class=\"elementor-heading-title elementor-size-default\">Salle familiale<\/h6>\t\t\t\t<\/div>\n\t\t\t\t<div class=\"elementor-element elementor-element-7b015e8 elementor-widget elementor-widget-text-editor\" data-id=\"7b015e8\" data-element_type=\"widget\" data-widget_type=\"text-editor.default\">\n\t\t\t\t\t\t\t\t\t<p>60 000 CFA \/ Nuit<\/p>\t\t\t\t\t\t\t\t<\/div>\n\t\t\t\t<div class=\"elementor-element elementor-element-fbc265e elementor-widget elementor-widget-image\" data-id=\"fbc265e\" data-element_type=\"widget\" data-widget_type=\"image.default\">\n\t\t\t\t\t\t\t\t\t\t\t\t\t\t\t\t<a href=\"https:\/\/dibamba.blerkdigital.com\/fr\/portfolio-item\/apartment\/\">\n\t\t\t\t\t\t\t<img loading=\"lazy\" decoding=\"async\" width=\"1280\" height=\"854\" src=\"https:\/\/dibamba.blerkdigital.com\/wp-content\/uploads\/2025\/10\/bsck2.jpg\" class=\"attachment-full size-full wp-image-665\" alt=\"\" srcset=\"https:\/\/dibamba.blerkdigital.com\/wp-content\/uploads\/2025\/10\/bsck2.jpg 1280w, https:\/\/dibamba.blerkdigital.com\/wp-content\/uploads\/2025\/10\/bsck2-500x334.jpg 500w, https:\/\/dibamba.blerkdigital.com\/wp-content\/uploads\/2025\/10\/bsck2-1200x801.jpg 1200w, https:\/\/dibamba.blerkdigital.com\/wp-content\/uploads\/2025\/10\/bsck2-300x200.jpg 300w, https:\/\/dibamba.blerkdigital.com\/wp-content\/uploads\/2025\/10\/bsck2-768x512.jpg 768w, https:\/\/dibamba.blerkdigital.com\/wp-content\/uploads\/2025\/10\/bsck2-18x12.jpg 18w, https:\/\/dibamba.blerkdigital.com\/wp-content\/uploads\/2025\/10\/bsck2-112x75.jpg 112w, https:\/\/dibamba.blerkdigital.com\/wp-content\/uploads\/2025\/10\/bsck2-700x467.jpg 700w, https:\/\/dibamba.blerkdigital.com\/wp-content\/uploads\/2025\/10\/bsck2-800x534.jpg 800w\" sizes=\"(max-width:767px) 700px, (max-width:1280px) 100vw, 1280px\" \/>\t\t\t\t\t\t\t\t<\/a>\n\t\t\t\t\t\t\t\t\t\t\t\t\t\t\t<\/div>\n\t\t\t\t\t<\/div>\n\t\t\t\t<\/div>\n\t\t<div class=\"elementor-element elementor-element-30beac6 e-flex e-con-boxed e-con e-child\" data-id=\"30beac6\" data-element_type=\"container\">\n\t\t\t\t\t<div class=\"e-con-inner\">\n\t\t\t\t<div class=\"elementor-element elementor-element-b5ec9e0 elementor-widget-divider--view-line elementor-widget elementor-widget-divider\" data-id=\"b5ec9e0\" data-element_type=\"widget\" data-widget_type=\"divider.default\">\n\t\t\t\t\t\t\t<div class=\"elementor-divider\">\n\t\t\t<span class=\"elementor-divider-separator\">\n\t\t\t\t\t\t<\/span>\n\t\t<\/div>\n\t\t\t\t\t\t<\/div>\n\t\t\t\t<div class=\"elementor-element elementor-element-d4c10aa elementor-widget elementor-widget-heading\" data-id=\"d4c10aa\" data-element_type=\"widget\" data-widget_type=\"heading.default\">\n\t\t\t\t\t<h6 class=\"elementor-heading-title elementor-size-default\">Chambre double<\/h6>\t\t\t\t<\/div>\n\t\t\t\t<div class=\"elementor-element elementor-element-19a10ae elementor-widget elementor-widget-text-editor\" data-id=\"19a10ae\" data-element_type=\"widget\" data-widget_type=\"text-editor.default\">\n\t\t\t\t\t\t\t\t\t<p>40 000 CFA \/ Nuit<\/p>\t\t\t\t\t\t\t\t<\/div>\n\t\t\t\t<div class=\"elementor-element elementor-element-f8f2944 elementor-widget elementor-widget-image\" data-id=\"f8f2944\" data-element_type=\"widget\" data-widget_type=\"image.default\">\n\t\t\t\t\t\t\t\t\t\t\t\t\t\t\t\t<a href=\"https:\/\/dibamba.blerkdigital.com\/fr\/portfolio-item\/apartment\/\">\n\t\t\t\t\t\t\t<img loading=\"lazy\" decoding=\"async\" width=\"1280\" height=\"854\" src=\"https:\/\/dibamba.blerkdigital.com\/wp-content\/uploads\/2025\/10\/back.jpg\" class=\"attachment-full size-full wp-image-659\" alt=\"\" srcset=\"https:\/\/dibamba.blerkdigital.com\/wp-content\/uploads\/2025\/10\/back.jpg 1280w, https:\/\/dibamba.blerkdigital.com\/wp-content\/uploads\/2025\/10\/back-500x334.jpg 500w, https:\/\/dibamba.blerkdigital.com\/wp-content\/uploads\/2025\/10\/back-1200x801.jpg 1200w, https:\/\/dibamba.blerkdigital.com\/wp-content\/uploads\/2025\/10\/back-300x200.jpg 300w, https:\/\/dibamba.blerkdigital.com\/wp-content\/uploads\/2025\/10\/back-768x512.jpg 768w, https:\/\/dibamba.blerkdigital.com\/wp-content\/uploads\/2025\/10\/back-18x12.jpg 18w, https:\/\/dibamba.blerkdigital.com\/wp-content\/uploads\/2025\/10\/back-112x75.jpg 112w, https:\/\/dibamba.blerkdigital.com\/wp-content\/uploads\/2025\/10\/back-700x467.jpg 700w, https:\/\/dibamba.blerkdigital.com\/wp-content\/uploads\/2025\/10\/back-800x534.jpg 800w\" sizes=\"(max-width:767px) 700px, (max-width:1280px) 100vw, 1280px\" \/>\t\t\t\t\t\t\t\t<\/a>\n\t\t\t\t\t\t\t\t\t\t\t\t\t\t\t<\/div>\n\t\t\t\t\t<\/div>\n\t\t\t\t<\/div>\n\t\t\t\t<\/div>\n\t\t\t\t<\/div>\n\t\t<div class=\"elementor-element elementor-element-f2e5d6e e-flex e-con-boxed e-con e-parent\" data-id=\"f2e5d6e\" data-element_type=\"container\" data-settings=\"{&quot;background_background&quot;:&quot;classic&quot;}\">\n\t\t\t\t\t<div class=\"e-con-inner\">\n\t\t<div class=\"elementor-element elementor-element-4cfc775 e-flex e-con-boxed e-con e-child\" data-id=\"4cfc775\" data-element_type=\"container\">\n\t\t\t\t\t<div class=\"e-con-inner\">\n\t\t\t\t<div class=\"elementor-element elementor-element-2af5bdd elementor-widget elementor-widget-heading\" data-id=\"2af5bdd\" data-element_type=\"widget\" data-widget_type=\"heading.default\">\n\t\t\t\t\t<h2 class=\"elementor-heading-title elementor-size-default\">Des t\u00e9moignages \u00e9tonnants du monde entier<\/h2>\t\t\t\t<\/div>\n\t\t\t\t\t<\/div>\n\t\t\t\t<\/div>\n\t\t<div class=\"elementor-element elementor-element-c25169a e-flex e-con-boxed e-con e-child\" data-id=\"c25169a\" data-element_type=\"container\">\n\t\t\t\t\t<div class=\"e-con-inner\">\n\t\t\t\t<div class=\"elementor-element elementor-element-73b0b4a elementor-widget elementor-widget-heading\" data-id=\"73b0b4a\" data-element_type=\"widget\" data-widget_type=\"heading.default\">\n\t\t\t\t\t<h3 class=\"elementor-heading-title elementor-size-default\">Herver<\/h3>\t\t\t\t<\/div>\n\t\t\t\t<div class=\"elementor-element elementor-element-ace1251 elementor-widget-divider--view-line elementor-widget elementor-widget-divider\" data-id=\"ace1251\" data-element_type=\"widget\" data-widget_type=\"divider.default\">\n\t\t\t\t\t\t\t<div class=\"elementor-divider\">\n\t\t\t<span class=\"elementor-divider-separator\">\n\t\t\t\t\t\t<\/span>\n\t\t<\/div>\n\t\t\t\t\t\t<\/div>\n\t\t<div class=\"elementor-element elementor-element-76b3430 e-flex e-con-boxed e-con e-child\" data-id=\"76b3430\" data-element_type=\"container\">\n\t\t\t\t\t<div class=\"e-con-inner\">\n\t\t<div class=\"elementor-element elementor-element-2bb647f e-con-full e-flex e-con e-child\" data-id=\"2bb647f\" data-element_type=\"container\">\n\t\t\t\t<div class=\"elementor-element elementor-element-f58b0c8 elementor-widget elementor-widget-text-editor\" data-id=\"f58b0c8\" data-element_type=\"widget\" data-widget_type=\"text-editor.default\">\n\t\t\t\t\t\t\t\t\t<p>Un joyau cach\u00e9 pour les s\u00e9jours d'affaires<\/p>\t\t\t\t\t\t\t\t<\/div>\n\t\t\t\t<div class=\"elementor-element elementor-element-22fa698 elementor-widget elementor-widget-text-editor\" data-id=\"22fa698\" data-element_type=\"widget\" data-widget_type=\"text-editor.default\">\n\t\t\t\t\t\t\t\t\t<p>Je voyage beaucoup pour mon travail, et l'h\u00f4tel La Dibamba est rapidement devenu l'un de mes endroits pr\u00e9f\u00e9r\u00e9s pour me d\u00e9tendre apr\u00e8s de longues r\u00e9unions. Le personnel a toujours eu une longueur d'avance : il a organis\u00e9 les transferts vers l'a\u00e9roport, aid\u00e9 \u00e0 trouver des itin\u00e9raires locaux et s'est m\u00eame souvenu de mes pr\u00e9f\u00e9rences en mati\u00e8re de caf\u00e9 d\u00e8s le deuxi\u00e8me jour ! Le Wi-Fi \u00e9tait puissant, les chambres impeccables et l'atmosph\u00e8re g\u00e9n\u00e9rale calme et professionnelle. Si vous voyagez pour affaires, cet \u00e9tablissement a tout ce qu'il faut pour vous permettre de rester productif <em data-start=\"813\" data-end=\"818\">et<\/em> confortable.<\/p>\t\t\t\t\t\t\t\t<\/div>\n\t\t\t\t<\/div>\n\t\t\t\t\t<\/div>\n\t\t\t\t<\/div>\n\t\t\t\t\t<\/div>\n\t\t\t\t<\/div>\n\t\t<div class=\"elementor-element elementor-element-c8ed558 e-flex e-con-boxed e-con e-child\" data-id=\"c8ed558\" data-element_type=\"container\">\n\t\t\t\t\t<div class=\"e-con-inner\">\n\t\t\t\t<div class=\"elementor-element elementor-element-a93b1a9 elementor-widget elementor-widget-heading\" data-id=\"a93b1a9\" data-element_type=\"widget\" data-widget_type=\"heading.default\">\n\t\t\t\t\t<h3 class=\"elementor-heading-title elementor-size-default\">Sophie &amp; Daniel R<\/h3>\t\t\t\t<\/div>\n\t\t\t\t<div class=\"elementor-element elementor-element-1be483b elementor-widget-divider--view-line elementor-widget elementor-widget-divider\" data-id=\"1be483b\" data-element_type=\"widget\" data-widget_type=\"divider.default\">\n\t\t\t\t\t\t\t<div class=\"elementor-divider\">\n\t\t\t<span class=\"elementor-divider-separator\">\n\t\t\t\t\t\t<\/span>\n\t\t<\/div>\n\t\t\t\t\t\t<\/div>\n\t\t<div class=\"elementor-element elementor-element-2c556b3 e-flex e-con-boxed e-con e-child\" data-id=\"2c556b3\" data-element_type=\"container\">\n\t\t\t\t\t<div class=\"e-con-inner\">\n\t\t<div class=\"elementor-element elementor-element-2b033bc e-con-full e-flex e-con e-child\" data-id=\"2b033bc\" data-element_type=\"container\">\n\t\t\t\t<div class=\"elementor-element elementor-element-d9bf559 elementor-widget elementor-widget-text-editor\" data-id=\"d9bf559\" data-element_type=\"widget\" data-widget_type=\"text-editor.default\">\n\t\t\t\t\t\t\t\t\t<p>Romantique, confortable et plein de charme<\/p>\t\t\t\t\t\t\t\t<\/div>\n\t\t\t\t<div class=\"elementor-element elementor-element-8ce0905 elementor-widget elementor-widget-text-editor\" data-id=\"8ce0905\" data-element_type=\"widget\" data-widget_type=\"text-editor.default\">\n\t\t\t\t\t\t\t\t\t<p>Mon partenaire et moi avons r\u00e9serv\u00e9 un week-end \u00e0 l'h\u00f4tel La Dibamba et, honn\u00eatement, nous ne voulions pas partir. D\u00e8s notre arriv\u00e9e, l'\u00e9quipe nous a fait sentir comme une famille. Les chambres avaient ce m\u00e9lange parfait d'\u00e9l\u00e9gance et de chaleur, et le restaurant... wow, chaque repas \u00e9tait un d\u00e9lice ! Nous avons pass\u00e9 nos soir\u00e9es au bord de la piscine, un cocktail \u00e0 la main, en \u00e9coutant de la musique douce. C'\u00e9tait paisible, intime et tout ce que nous esp\u00e9rions d'une escapade.<\/p>\t\t\t\t\t\t\t\t<\/div>\n\t\t\t\t<\/div>\n\t\t\t\t\t<\/div>\n\t\t\t\t<\/div>\n\t\t\t\t\t<\/div>\n\t\t\t\t<\/div>\n\t\t<div class=\"elementor-element elementor-element-e7b1257 e-flex e-con-boxed e-con e-child\" data-id=\"e7b1257\" data-element_type=\"container\">\n\t\t\t\t\t<div class=\"e-con-inner\">\n\t\t\t\t<div class=\"elementor-element elementor-element-f9d3515 elementor-widget elementor-widget-heading\" data-id=\"f9d3515\" data-element_type=\"widget\" data-widget_type=\"heading.default\">\n\t\t\t\t\t<h3 class=\"elementor-heading-title elementor-size-default\">La famille N'Dongo<\/h3>\t\t\t\t<\/div>\n\t\t\t\t<div class=\"elementor-element elementor-element-54c621b elementor-widget-divider--view-line elementor-widget elementor-widget-divider\" data-id=\"54c621b\" data-element_type=\"widget\" data-widget_type=\"divider.default\">\n\t\t\t\t\t\t\t<div class=\"elementor-divider\">\n\t\t\t<span class=\"elementor-divider-separator\">\n\t\t\t\t\t\t<\/span>\n\t\t<\/div>\n\t\t\t\t\t\t<\/div>\n\t\t<div class=\"elementor-element elementor-element-c95af37 e-flex e-con-boxed e-con e-child\" data-id=\"c95af37\" data-element_type=\"container\">\n\t\t\t\t\t<div class=\"e-con-inner\">\n\t\t<div class=\"elementor-element elementor-element-14fe01a e-con-full e-flex e-con e-child\" data-id=\"14fe01a\" data-element_type=\"container\">\n\t\t\t\t<div class=\"elementor-element elementor-element-073fa4a elementor-widget elementor-widget-text-editor\" data-id=\"073fa4a\" data-element_type=\"widget\" data-widget_type=\"text-editor.default\">\n\t\t\t\t\t\t\t\t\t<p>Parfait pour une escapade familiale relaxante<\/p>\t\t\t\t\t\t\t\t<\/div>\n\t\t\t\t<div class=\"elementor-element elementor-element-c1368bf elementor-widget elementor-widget-text-editor\" data-id=\"c1368bf\" data-element_type=\"widget\" data-widget_type=\"text-editor.default\">\n\t\t\t\t\t\t\t\t\t<p>Nous avons s\u00e9journ\u00e9 \u00e0 l'h\u00f4tel La Dibamba avec nos deux enfants, et ce fut une exp\u00e9rience tellement rafra\u00eechissante. Le personnel \u00e9tait si patient et accueillant, m\u00eame avec nos petits \u00e9nergiques ! La piscine \u00e9tait propre et s\u00fbre, et le buffet du petit-d\u00e9jeuner offrait des options pour tout le monde - des cr\u00eapes aux fruits tropicaux frais. Il est rare de trouver un endroit qui rende heureux \u00e0 la fois les parents et les enfants, mais cet h\u00f4tel l'a fait. Nous reviendrons sans aucun doute l'ann\u00e9e prochaine<\/p>\t\t\t\t\t\t\t\t<\/div>\n\t\t\t\t<\/div>\n\t\t\t\t\t<\/div>\n\t\t\t\t<\/div>\n\t\t\t\t\t<\/div>\n\t\t\t\t<\/div>\n\t\t\t\t\t<\/div>\n\t\t\t\t<\/div>\n\t\t\t\t<\/div>","protected":false},"excerpt":{"rendered":"<p>Welcome to our luxury hotel Because at Hotel La Dibamba, we don\u2019t just offer rooms \u2014 we offer peace of mind, one restful night at a<span class=\"excerpt-hellip\"> [\u2026]<\/span><\/p>","protected":false},"author":1,"featured_media":0,"parent":0,"menu_order":0,"comment_status":"open","ping_status":"closed","template":"","meta":{"inline_featured_image":false,"footnotes":""},"class_list":["post-2","page","type-page","status-publish","hentry"],"_links":{"self":[{"href":"https:\/\/dibamba.blerkdigital.com\/fr\/wp-json\/wp\/v2\/pages\/2","targetHints":{"allow":["GET"]}}],"collection":[{"href":"https:\/\/dibamba.blerkdigital.com\/fr\/wp-json\/wp\/v2\/pages"}],"about":[{"href":"https:\/\/dibamba.blerkdigital.com\/fr\/wp-json\/wp\/v2\/types\/page"}],"author":[{"embeddable":true,"href":"https:\/\/dibamba.blerkdigital.com\/fr\/wp-json\/wp\/v2\/users\/1"}],"replies":[{"embeddable":true,"href":"https:\/\/dibamba.blerkdigital.com\/fr\/wp-json\/wp\/v2\/comments?post=2"}],"version-history":[{"count":21,"href":"https:\/\/dibamba.blerkdigital.com\/fr\/wp-json\/wp\/v2\/pages\/2\/revisions"}],"predecessor-version":[{"id":727,"href":"https:\/\/dibamba.blerkdigital.com\/fr\/wp-json\/wp\/v2\/pages\/2\/revisions\/727"}],"wp:attachment":[{"href":"https:\/\/dibamba.blerkdigital.com\/fr\/wp-json\/wp\/v2\/media?parent=2"}],"curies":[{"name":"wp","href":"https:\/\/api.w.org\/{rel}","templated":true}]}}