{"id":7,"date":"2023-10-04T12:22:36","date_gmt":"2023-10-04T12:22:36","guid":{"rendered":"https:\/\/dibamba.blerkdigital.com\/?page_id=7"},"modified":"2025-10-10T04:59:20","modified_gmt":"2025-10-10T04:59:20","slug":"our-hotel","status":"publish","type":"page","link":"https:\/\/dibamba.blerkdigital.com\/fr\/our-hotel\/","title":{"rendered":"NOTRE H\u00d4TEL"},"content":{"rendered":"<div data-elementor-type=\"wp-page\" data-elementor-id=\"7\" class=\"elementor elementor-7\" data-elementor-post-type=\"page\">\n\t\t\t\t<div class=\"elementor-element elementor-element-f5314e7 e-con-full e-flex e-con e-parent\" data-id=\"f5314e7\" data-element_type=\"container\" data-settings=\"{&quot;background_background&quot;:&quot;classic&quot;}\">\n\t\t<div class=\"elementor-element elementor-element-5a1ddc3 e-con-full e-flex e-con e-child\" data-id=\"5a1ddc3\" data-element_type=\"container\">\n\t\t\t\t<div class=\"elementor-element elementor-element-440272e elementor-widget elementor-widget-heading\" data-id=\"440272e\" data-element_type=\"widget\" data-widget_type=\"heading.default\">\n\t\t\t\t\t<h1 class=\"elementor-heading-title elementor-size-default\">Bienvenue sur notre site \n<span class=\"hotel6-heading-decorative\">luxe<\/span> h\u00f4tel<\/h1>\t\t\t\t<\/div>\n\t\t\t\t<div class=\"elementor-element elementor-element-14b5ea8 elementor-widget elementor-widget-heading\" data-id=\"14b5ea8\" data-element_type=\"widget\" data-widget_type=\"heading.default\">\n\t\t\t\t\t<h6 class=\"elementor-heading-title elementor-size-default\">Parce qu'\u00e0 l'h\u00f4tel La Dibamba, nous ne nous contentons pas de proposer des chambres - nous offrons la tranquillit\u00e9 d'esprit, une nuit reposante \u00e0 la fois.<\/h6>\t\t\t\t<\/div>\n\t\t\t\t<\/div>\n\t\t<div class=\"elementor-element elementor-element-a7f9af0 e-con-full e-flex e-con e-child\" data-id=\"a7f9af0\" data-element_type=\"container\">\n\t\t\t\t<div class=\"elementor-element elementor-element-0a67f6d elementor-view-stacked elementor-shape-circle elementor-widget elementor-widget-icon\" data-id=\"0a67f6d\" data-element_type=\"widget\" data-widget_type=\"icon.default\">\n\t\t\t\t\t\t\t<div class=\"elementor-icon-wrapper\">\n\t\t\t<div class=\"elementor-icon\">\n\t\t\t<svg aria-hidden=\"true\" class=\"e-font-icon-svg e-fas-arrow-down\" viewbox=\"0 0 448 512\" xmlns=\"http:\/\/www.w3.org\/2000\/svg\"><path d=\"M413.1 222.5l22.2 22.2c9.4 9.4 9.4 24.6 0 33.9L241 473c-9.4 9.4-24.6 9.4-33.9 0L12.7 278.6c-9.4-9.4-9.4-24.6 0-33.9l22.2-22.2c9.5-9.5 25-9.3 34.3.4L184 343.4V56c0-13.3 10.7-24 24-24h32c13.3 0 24 10.7 24 24v287.4l114.8-120.5c9.3-9.8 24.8-10 34.3-.4z\"><\/path><\/svg>\t\t\t<\/div>\n\t\t<\/div>\n\t\t\t\t\t\t<\/div>\n\t\t\t\t<\/div>\n\t\t\t\t<\/div>\n\t\t<div class=\"elementor-element elementor-element-12a249a e-con-full e-flex e-con e-parent\" data-id=\"12a249a\" data-element_type=\"container\">\n\t\t<div class=\"elementor-element elementor-element-720ea57 e-con-full e-flex e-con e-child\" data-id=\"720ea57\" data-element_type=\"container\">\n\t\t\t\t<div class=\"elementor-element elementor-element-711ce20 elementor-widget elementor-widget-image\" data-id=\"711ce20\" data-element_type=\"widget\" data-widget_type=\"image.default\">\n\t\t\t\t\t\t\t\t\t\t\t\t\t\t\t<img fetchpriority=\"high\" decoding=\"async\" width=\"854\" height=\"750\" src=\"https:\/\/dibamba.blerkdigital.com\/wp-content\/uploads\/2025\/10\/photo_4_2025-10-09_22-11-57-854x750.jpg\" class=\"attachment-portfolio-list size-portfolio-list wp-image-662\" alt=\"\" \/>\t\t\t\t\t\t\t\t\t\t\t\t\t\t\t<\/div>\n\t\t\t\t<\/div>\n\t\t<div class=\"elementor-element elementor-element-4a8428e e-con-full e-flex e-con e-child\" data-id=\"4a8428e\" data-element_type=\"container\">\n\t\t\t\t<div class=\"elementor-element elementor-element-d841c40 elementor-widget elementor-widget-heading\" data-id=\"d841c40\" data-element_type=\"widget\" data-widget_type=\"heading.default\">\n\t\t\t\t\t<h5 class=\"elementor-heading-title elementor-size-default\">Bienvenue \u00e0 l'h\u00f4tel La Dibamba, o\u00f9 le luxe ne se limite pas \u00e0 ce que l'on voit.<\/h5>\t\t\t\t<\/div>\n\t\t\t\t<div class=\"elementor-element elementor-element-fc991d2 elementor-widget elementor-widget-text-editor\" data-id=\"fc991d2\" data-element_type=\"widget\" data-widget_type=\"text-editor.default\">\n\t\t\t\t\t\t\t\t\t<p>Ici, la sophistication et le confort se rencontrent en parfaite harmonie. Nos chambres magnifiquement am\u00e9nag\u00e9es offrent une \u00e9vasion sereine, tandis que notre \u00e9quipe attentive est toujours pr\u00eate \u00e0 rendre votre s\u00e9jour inoubliable, qu'il s'agisse d'organiser un d\u00eener priv\u00e9 sous les \u00e9toiles ou de vous recommander un joyau local cach\u00e9 pour votre promenade de l'apr\u00e8s-midi.<\/p>\t\t\t\t\t\t\t\t<\/div>\n\t\t\t\t<div class=\"elementor-element elementor-element-6695a68 elementor-widget elementor-widget-text-editor\" data-id=\"6695a68\" data-element_type=\"widget\" data-widget_type=\"text-editor.default\">\n\t\t\t\t\t\t\t\t\t<p>Au <strong data-start=\"772\" data-end=\"792\">H\u00f4tel La Dibamba<\/strong>Le luxe est une affaire personnelle. Il r\u00e9side dans la chaleur de notre service, la qualit\u00e9 de notre cuisine et l'ambiance paisible qui vous entoure. Alors, respirez profond\u00e9ment, d\u00e9tendez-vous et laissez-nous vous faire vivre une exp\u00e9rience o\u00f9 chaque instant vous semblera sans effort.<\/p>\t\t\t\t\t\t\t\t<\/div>\n\t\t\t\t<div class=\"elementor-element elementor-element-275e2ca elementor-widget elementor-widget-image\" data-id=\"275e2ca\" data-element_type=\"widget\" data-widget_type=\"image.default\">\n\t\t\t\t\t\t\t\t\t\t\t\t\t\t\t<img decoding=\"async\" width=\"144\" height=\"46\" src=\"https:\/\/dibamba.blerkdigital.com\/wp-content\/uploads\/2023\/10\/hotel6-sign1.svg\" class=\"attachment-large size-large wp-image-29\" alt=\"\" \/>\t\t\t\t\t\t\t\t\t\t\t\t\t\t\t<\/div>\n\t\t\t\t<\/div>\n\t\t\t\t<\/div>\n\t\t<div class=\"elementor-element elementor-element-b9b50fe e-con-full e-flex e-con e-parent\" data-id=\"b9b50fe\" data-element_type=\"container\">\n\t\t<div class=\"elementor-element elementor-element-f6ceb9b e-con-full e-flex e-con e-child\" data-id=\"f6ceb9b\" data-element_type=\"container\">\n\t\t\t\t<div class=\"elementor-element elementor-element-9dcac77 elementor-widget elementor-widget-counter\" data-id=\"9dcac77\" data-element_type=\"widget\" data-widget_type=\"counter.default\">\n\t\t\t\t\t\t\t<div class=\"elementor-counter\">\n\t\t\t<div class=\"elementor-counter-title\">S\u00e9jours d'h\u00f4tes<\/div>\t\t\t<div class=\"elementor-counter-number-wrapper\">\n\t\t\t\t<span class=\"elementor-counter-number-prefix\"><\/span>\n\t\t\t\t<span class=\"elementor-counter-number\" data-duration=\"2000\" data-to-value=\"12000\" data-from-value=\"0\">0<\/span>\n\t\t\t\t<span class=\"elementor-counter-number-suffix\"><\/span>\n\t\t\t<\/div>\n\t\t<\/div>\n\t\t\t\t\t\t<\/div>\n\t\t\t\t<\/div>\n\t\t<div class=\"elementor-element elementor-element-7ea6b08 e-con-full e-flex e-con e-child\" data-id=\"7ea6b08\" data-element_type=\"container\">\n\t\t\t\t<div class=\"elementor-element elementor-element-28e581c elementor-widget elementor-widget-counter\" data-id=\"28e581c\" data-element_type=\"widget\" data-widget_type=\"counter.default\">\n\t\t\t\t\t\t\t<div class=\"elementor-counter\">\n\t\t\t<div class=\"elementor-counter-title\">Taux de satisfaction<\/div>\t\t\t<div class=\"elementor-counter-number-wrapper\">\n\t\t\t\t<span class=\"elementor-counter-number-prefix\"><\/span>\n\t\t\t\t<span class=\"elementor-counter-number\" data-duration=\"2000\" data-to-value=\"98\" data-from-value=\"0\">0<\/span>\n\t\t\t\t<span class=\"elementor-counter-number-suffix\">%<\/span>\n\t\t\t<\/div>\n\t\t<\/div>\n\t\t\t\t\t\t<\/div>\n\t\t\t\t<\/div>\n\t\t\t\t<\/div>\n\t\t<div class=\"elementor-element elementor-element-f6c04dd e-flex e-con-boxed e-con e-parent\" data-id=\"f6c04dd\" data-element_type=\"container\" data-settings=\"{&quot;background_background&quot;:&quot;classic&quot;}\">\n\t\t\t\t\t<div class=\"e-con-inner\">\n\t\t\t\t<div class=\"elementor-element elementor-element-c325e01 elementor-widget elementor-widget-spacer\" data-id=\"c325e01\" data-element_type=\"widget\" data-widget_type=\"spacer.default\">\n\t\t\t\t\t\t\t<div class=\"elementor-spacer\">\n\t\t\t<div class=\"elementor-spacer-inner\"><\/div>\n\t\t<\/div>\n\t\t\t\t\t\t<\/div>\n\t\t\t\t\t<\/div>\n\t\t\t\t<\/div>\n\t\t<div class=\"elementor-element elementor-element-6f17c2d5 e-flex e-con-boxed e-con e-parent\" data-id=\"6f17c2d5\" data-element_type=\"container\" data-settings=\"{&quot;background_background&quot;:&quot;classic&quot;}\">\n\t\t\t\t\t<div class=\"e-con-inner\">\n\t\t<div class=\"elementor-element elementor-element-2f35cc6a e-flex e-con-boxed e-con e-child\" data-id=\"2f35cc6a\" data-element_type=\"container\">\n\t\t\t\t\t<div class=\"e-con-inner\">\n\t\t\t\t<div class=\"elementor-element elementor-element-12cdb958 elementor-widget elementor-widget-heading\" data-id=\"12cdb958\" data-element_type=\"widget\" data-widget_type=\"heading.default\">\n\t\t\t\t\t<h2 class=\"elementor-heading-title elementor-size-default\">Des t\u00e9moignages \u00e9tonnants du monde entier<\/h2>\t\t\t\t<\/div>\n\t\t\t\t\t<\/div>\n\t\t\t\t<\/div>\n\t\t<div class=\"elementor-element elementor-element-26b4f52 e-flex e-con-boxed e-con e-child\" data-id=\"26b4f52\" data-element_type=\"container\">\n\t\t\t\t\t<div class=\"e-con-inner\">\n\t\t\t\t<div class=\"elementor-element elementor-element-24353cd0 elementor-widget elementor-widget-heading\" data-id=\"24353cd0\" data-element_type=\"widget\" data-widget_type=\"heading.default\">\n\t\t\t\t\t<h3 class=\"elementor-heading-title elementor-size-default\">Herver<\/h3>\t\t\t\t<\/div>\n\t\t\t\t<div class=\"elementor-element elementor-element-10aacca elementor-widget-divider--view-line elementor-widget elementor-widget-divider\" data-id=\"10aacca\" data-element_type=\"widget\" data-widget_type=\"divider.default\">\n\t\t\t\t\t\t\t<div class=\"elementor-divider\">\n\t\t\t<span class=\"elementor-divider-separator\">\n\t\t\t\t\t\t<\/span>\n\t\t<\/div>\n\t\t\t\t\t\t<\/div>\n\t\t<div class=\"elementor-element elementor-element-1cddcc42 e-flex e-con-boxed e-con e-child\" data-id=\"1cddcc42\" data-element_type=\"container\">\n\t\t\t\t\t<div class=\"e-con-inner\">\n\t\t<div class=\"elementor-element elementor-element-21398ad7 e-con-full e-flex e-con e-child\" data-id=\"21398ad7\" data-element_type=\"container\">\n\t\t\t\t<div class=\"elementor-element elementor-element-5e2143 elementor-widget elementor-widget-text-editor\" data-id=\"5e2143\" data-element_type=\"widget\" data-widget_type=\"text-editor.default\">\n\t\t\t\t\t\t\t\t\t<p>Un joyau cach\u00e9 pour les s\u00e9jours d'affaires<\/p>\t\t\t\t\t\t\t\t<\/div>\n\t\t\t\t<div class=\"elementor-element elementor-element-406770a3 elementor-widget elementor-widget-text-editor\" data-id=\"406770a3\" data-element_type=\"widget\" data-widget_type=\"text-editor.default\">\n\t\t\t\t\t\t\t\t\t<p>Je voyage beaucoup pour mon travail, et l'h\u00f4tel La Dibamba est rapidement devenu l'un de mes endroits pr\u00e9f\u00e9r\u00e9s pour me d\u00e9tendre apr\u00e8s de longues r\u00e9unions. Le personnel a toujours eu une longueur d'avance : il a organis\u00e9 les transferts vers l'a\u00e9roport, aid\u00e9 \u00e0 trouver des itin\u00e9raires locaux et s'est m\u00eame souvenu de mes pr\u00e9f\u00e9rences en mati\u00e8re de caf\u00e9 d\u00e8s le deuxi\u00e8me jour ! Le Wi-Fi \u00e9tait puissant, les chambres impeccables et l'atmosph\u00e8re g\u00e9n\u00e9rale calme et professionnelle. Si vous voyagez pour affaires, cet \u00e9tablissement a tout ce qu'il faut pour vous permettre de rester productif <em data-start=\"813\" data-end=\"818\">et<\/em> confortable.<\/p>\t\t\t\t\t\t\t\t<\/div>\n\t\t\t\t<\/div>\n\t\t\t\t\t<\/div>\n\t\t\t\t<\/div>\n\t\t\t\t\t<\/div>\n\t\t\t\t<\/div>\n\t\t<div class=\"elementor-element elementor-element-63cb70da e-flex e-con-boxed e-con e-child\" data-id=\"63cb70da\" data-element_type=\"container\">\n\t\t\t\t\t<div class=\"e-con-inner\">\n\t\t\t\t<div class=\"elementor-element elementor-element-13ea0130 elementor-widget elementor-widget-heading\" data-id=\"13ea0130\" data-element_type=\"widget\" data-widget_type=\"heading.default\">\n\t\t\t\t\t<h3 class=\"elementor-heading-title elementor-size-default\">Sophie &amp; Daniel R<\/h3>\t\t\t\t<\/div>\n\t\t\t\t<div class=\"elementor-element elementor-element-2c4b4f06 elementor-widget-divider--view-line elementor-widget elementor-widget-divider\" data-id=\"2c4b4f06\" data-element_type=\"widget\" data-widget_type=\"divider.default\">\n\t\t\t\t\t\t\t<div class=\"elementor-divider\">\n\t\t\t<span class=\"elementor-divider-separator\">\n\t\t\t\t\t\t<\/span>\n\t\t<\/div>\n\t\t\t\t\t\t<\/div>\n\t\t<div class=\"elementor-element elementor-element-40b83de6 e-flex e-con-boxed e-con e-child\" data-id=\"40b83de6\" data-element_type=\"container\">\n\t\t\t\t\t<div class=\"e-con-inner\">\n\t\t<div class=\"elementor-element elementor-element-76cc4ea6 e-con-full e-flex e-con e-child\" data-id=\"76cc4ea6\" data-element_type=\"container\">\n\t\t\t\t<div class=\"elementor-element elementor-element-1d44c3a5 elementor-widget elementor-widget-text-editor\" data-id=\"1d44c3a5\" data-element_type=\"widget\" data-widget_type=\"text-editor.default\">\n\t\t\t\t\t\t\t\t\t<p>Romantique, confortable et plein de charme<\/p>\t\t\t\t\t\t\t\t<\/div>\n\t\t\t\t<div class=\"elementor-element elementor-element-2ca772c5 elementor-widget elementor-widget-text-editor\" data-id=\"2ca772c5\" data-element_type=\"widget\" data-widget_type=\"text-editor.default\">\n\t\t\t\t\t\t\t\t\t<p>Mon partenaire et moi avons r\u00e9serv\u00e9 un week-end \u00e0 l'h\u00f4tel La Dibamba et, honn\u00eatement, nous ne voulions pas partir. D\u00e8s notre arriv\u00e9e, l'\u00e9quipe nous a fait sentir comme une famille. Les chambres avaient ce m\u00e9lange parfait d'\u00e9l\u00e9gance et de chaleur, et le restaurant... wow, chaque repas \u00e9tait un d\u00e9lice ! Nous avons pass\u00e9 nos soir\u00e9es au bord de la piscine, un cocktail \u00e0 la main, en \u00e9coutant de la musique douce. C'\u00e9tait paisible, intime et tout ce que nous esp\u00e9rions d'une escapade.<\/p>\t\t\t\t\t\t\t\t<\/div>\n\t\t\t\t<\/div>\n\t\t\t\t\t<\/div>\n\t\t\t\t<\/div>\n\t\t\t\t\t<\/div>\n\t\t\t\t<\/div>\n\t\t<div class=\"elementor-element elementor-element-6bd8549a e-flex e-con-boxed e-con e-child\" data-id=\"6bd8549a\" data-element_type=\"container\">\n\t\t\t\t\t<div class=\"e-con-inner\">\n\t\t\t\t<div class=\"elementor-element elementor-element-419d10fd elementor-widget elementor-widget-heading\" data-id=\"419d10fd\" data-element_type=\"widget\" data-widget_type=\"heading.default\">\n\t\t\t\t\t<h3 class=\"elementor-heading-title elementor-size-default\">La famille N'Dongo<\/h3>\t\t\t\t<\/div>\n\t\t\t\t<div class=\"elementor-element elementor-element-628470ce elementor-widget-divider--view-line elementor-widget elementor-widget-divider\" data-id=\"628470ce\" data-element_type=\"widget\" data-widget_type=\"divider.default\">\n\t\t\t\t\t\t\t<div class=\"elementor-divider\">\n\t\t\t<span class=\"elementor-divider-separator\">\n\t\t\t\t\t\t<\/span>\n\t\t<\/div>\n\t\t\t\t\t\t<\/div>\n\t\t<div class=\"elementor-element elementor-element-7bf2e1da e-flex e-con-boxed e-con e-child\" data-id=\"7bf2e1da\" data-element_type=\"container\">\n\t\t\t\t\t<div class=\"e-con-inner\">\n\t\t<div class=\"elementor-element elementor-element-3eee8171 e-con-full e-flex e-con e-child\" data-id=\"3eee8171\" data-element_type=\"container\">\n\t\t\t\t<div class=\"elementor-element elementor-element-4da4b849 elementor-widget elementor-widget-text-editor\" data-id=\"4da4b849\" data-element_type=\"widget\" data-widget_type=\"text-editor.default\">\n\t\t\t\t\t\t\t\t\t<p>Parfait pour une escapade familiale relaxante<\/p>\t\t\t\t\t\t\t\t<\/div>\n\t\t\t\t<div class=\"elementor-element elementor-element-32ba250c elementor-widget elementor-widget-text-editor\" data-id=\"32ba250c\" data-element_type=\"widget\" data-widget_type=\"text-editor.default\">\n\t\t\t\t\t\t\t\t\t<p>Nous avons s\u00e9journ\u00e9 \u00e0 l'h\u00f4tel La Dibamba avec nos deux enfants, et ce fut une exp\u00e9rience tellement rafra\u00eechissante. Le personnel \u00e9tait si patient et accueillant, m\u00eame avec nos petits \u00e9nergiques ! La piscine \u00e9tait propre et s\u00fbre, et le buffet du petit-d\u00e9jeuner offrait des options pour tout le monde - des cr\u00eapes aux fruits tropicaux frais. Il est rare de trouver un endroit qui rende heureux \u00e0 la fois les parents et les enfants, mais cet h\u00f4tel l'a fait. Nous reviendrons sans aucun doute l'ann\u00e9e prochaine<\/p>\t\t\t\t\t\t\t\t<\/div>\n\t\t\t\t<\/div>\n\t\t\t\t\t<\/div>\n\t\t\t\t<\/div>\n\t\t\t\t\t<\/div>\n\t\t\t\t<\/div>\n\t\t\t\t\t<\/div>\n\t\t\t\t<\/div>\n\t\t\t\t<\/div>","protected":false},"excerpt":{"rendered":"<p>Welcome to our luxury hotel Because at Hotel La Dibamba, we don\u2019t just offer rooms \u2014 we offer peace of mind, one restful night at a<span class=\"excerpt-hellip\"> [\u2026]<\/span><\/p>","protected":false},"author":1,"featured_media":0,"parent":0,"menu_order":0,"comment_status":"open","ping_status":"closed","template":"","meta":{"inline_featured_image":false,"footnotes":""},"class_list":["post-7","page","type-page","status-publish","hentry"],"_links":{"self":[{"href":"https:\/\/dibamba.blerkdigital.com\/fr\/wp-json\/wp\/v2\/pages\/7","targetHints":{"allow":["GET"]}}],"collection":[{"href":"https:\/\/dibamba.blerkdigital.com\/fr\/wp-json\/wp\/v2\/pages"}],"about":[{"href":"https:\/\/dibamba.blerkdigital.com\/fr\/wp-json\/wp\/v2\/types\/page"}],"author":[{"embeddable":true,"href":"https:\/\/dibamba.blerkdigital.com\/fr\/wp-json\/wp\/v2\/users\/1"}],"replies":[{"embeddable":true,"href":"https:\/\/dibamba.blerkdigital.com\/fr\/wp-json\/wp\/v2\/comments?post=7"}],"version-history":[{"count":6,"href":"https:\/\/dibamba.blerkdigital.com\/fr\/wp-json\/wp\/v2\/pages\/7\/revisions"}],"predecessor-version":[{"id":698,"href":"https:\/\/dibamba.blerkdigital.com\/fr\/wp-json\/wp\/v2\/pages\/7\/revisions\/698"}],"wp:attachment":[{"href":"https:\/\/dibamba.blerkdigital.com\/fr\/wp-json\/wp\/v2\/media?parent=7"}],"curies":[{"name":"wp","href":"https:\/\/api.w.org\/{rel}","templated":true}]}}